{"id":3227,"date":"2020-08-28T16:08:36","date_gmt":"2020-08-28T14:08:36","guid":{"rendered":"https:\/\/www.ord2eat.com\/?page_id=3227"},"modified":"2022-06-24T10:14:33","modified_gmt":"2022-06-24T08:14:33","slug":"gratis-15-giorni","status":"publish","type":"page","link":"https:\/\/www.ord2eat.com\/it\/gratis-15-giorni\/","title":{"rendered":"Gratis 15 giorni"},"content":{"rendered":"\t\t<div data-elementor-type=\"wp-page\" data-elementor-id=\"3227\" class=\"elementor elementor-3227 elementor-3040\" data-elementor-post-type=\"page\">\n\t\t\t\t\t\t<section class=\"elementor-section elementor-top-section elementor-element elementor-element-0aa39b1 elementor-section-boxed elementor-section-height-default elementor-section-height-default\" data-id=\"0aa39b1\" data-element_type=\"section\">\n\t\t\t\t\t\t<div class=\"elementor-container elementor-column-gap-default\">\n\t\t\t\t\t<div class=\"elementor-column elementor-col-100 elementor-top-column elementor-element elementor-element-96ee286\" data-id=\"96ee286\" data-element_type=\"column\">\n\t\t\t<div class=\"elementor-widget-wrap elementor-element-populated\">\n\t\t\t\t\t\t<div class=\"elementor-element elementor-element-1d7f370 elementor-widget elementor-widget-spacer\" data-id=\"1d7f370\" data-element_type=\"widget\" data-widget_type=\"spacer.default\">\n\t\t\t\t\t\t\t<div class=\"elementor-spacer\">\n\t\t\t<div class=\"elementor-spacer-inner\"><\/div>\n\t\t<\/div>\n\t\t\t\t\t\t<\/div>\n\t\t\t\t\t<\/div>\n\t\t<\/div>\n\t\t\t\t\t<\/div>\n\t\t<\/section>\n\t\t\t\t<section class=\"elementor-section elementor-top-section elementor-element elementor-element-6ac9fc2 elementor-section-boxed elementor-section-height-default elementor-section-height-default\" data-id=\"6ac9fc2\" data-element_type=\"section\">\n\t\t\t\t\t\t<div class=\"elementor-container elementor-column-gap-default\">\n\t\t\t\t\t<div class=\"elementor-column elementor-col-100 elementor-top-column elementor-element elementor-element-c61be39\" data-id=\"c61be39\" data-element_type=\"column\">\n\t\t\t<div class=\"elementor-widget-wrap elementor-element-populated\">\n\t\t\t\t\t\t<div class=\"elementor-element elementor-element-7342d10 elementor-widget elementor-widget-heading\" data-id=\"7342d10\" data-element_type=\"widget\" data-widget_type=\"heading.default\">\n\t\t\t\t\t<h3 class=\"elementor-heading-title elementor-size-large\">Trasforma il tuo men\u00f9 con ord2eat in un elegante men\u00f9 digitale.<\/h3>\t\t\t\t<\/div>\n\t\t\t\t<div class=\"elementor-element elementor-element-159459d elementor-widget elementor-widget-heading\" data-id=\"159459d\" data-element_type=\"widget\" data-widget_type=\"heading.default\">\n\t\t\t\t\t<h2 class=\"elementor-heading-title elementor-size-default\">Iscrizione gratuita<\/h2>\t\t\t\t<\/div>\n\t\t\t\t<div class=\"elementor-element elementor-element-b2d76a3 elementor-widget elementor-widget-heading\" data-id=\"b2d76a3\" data-element_type=\"widget\" data-widget_type=\"heading.default\">\n\t\t\t\t\t<h3 class=\"elementor-heading-title elementor-size-default\">Provalo gratis per 15 giorni da oggi! \n<\/h3>\t\t\t\t<\/div>\n\t\t\t\t<div class=\"elementor-element elementor-element-ee504d3 elementor-widget elementor-widget-heading\" data-id=\"ee504d3\" data-element_type=\"widget\" data-widget_type=\"heading.default\">\n\t\t\t\t\t<h4 class=\"elementor-heading-title elementor-size-default\">Non \u00e8 richiesta la carta di credito<\/h4>\t\t\t\t<\/div>\n\t\t\t\t\t<\/div>\n\t\t<\/div>\n\t\t\t\t\t<\/div>\n\t\t<\/section>\n\t\t\t\t<section class=\"elementor-section elementor-top-section elementor-element elementor-element-6c47209 elementor-section-boxed elementor-section-height-default elementor-section-height-default\" data-id=\"6c47209\" data-element_type=\"section\">\n\t\t\t\t\t\t<div class=\"elementor-container elementor-column-gap-default\">\n\t\t\t\t\t<div class=\"elementor-column elementor-col-100 elementor-top-column elementor-element elementor-element-bc86c57\" data-id=\"bc86c57\" data-element_type=\"column\" data-settings=\"{&quot;background_background&quot;:&quot;classic&quot;}\">\n\t\t\t<div class=\"elementor-widget-wrap elementor-element-populated\">\n\t\t\t\t\t\t<div class=\"elementor-element elementor-element-96bf790 elementor-button-align-center elementor-widget elementor-widget-form\" data-id=\"96bf790\" data-element_type=\"widget\" data-settings=\"{&quot;step_next_label&quot;:&quot;Il prossimo &gt;&gt;&quot;,&quot;step_previous_label&quot;:&quot;&lt;&lt; Indietro&quot;,&quot;step_icon_shape&quot;:&quot;none&quot;,&quot;button_width&quot;:&quot;100&quot;,&quot;step_type&quot;:&quot;number_text&quot;}\" data-widget_type=\"form.default\">\n\t\t\t\t\t\t\t<form class=\"elementor-form\" method=\"post\" name=\"Free15d-reg\">\n\t\t\t<input type=\"hidden\" name=\"post_id\" value=\"3227\"\/>\n\t\t\t<input type=\"hidden\" name=\"form_id\" value=\"96bf790\"\/>\n\t\t\t<input type=\"hidden\" name=\"referer_title\" value=\"Gratis 15 giorni - ord2eat\" \/>\n\n\t\t\t\t\t\t\t<input type=\"hidden\" name=\"queried_id\" value=\"3227\"\/>\n\t\t\t\n\t\t\t<div class=\"elementor-form-fields-wrapper elementor-labels-above\">\n\t\t\t\t\t\t\t\t<div class=\"elementor-field-type-step elementor-field-group elementor-column elementor-field-group-CompanyUser elementor-col-100\">\n\t\t\t\t\t\t\t<div class=\"e-field-step elementor-hidden\" data-label=\"Utente dell&#039;azienda\" data-previousButton=\"\" data-nextButton=\"\" data-iconUrl=\"\" data-iconLibrary=\"fas fa-star\" data-icon=\"&lt;svg class=&quot;e-font-icon-svg e-fas-star&quot; viewBox=&quot;0 0 576 512&quot; xmlns=&quot;http:\/\/www.w3.org\/2000\/svg&quot;&gt;&lt;path d=&quot;M259.3 17.8L194 150.2 47.9 171.5c-26.2 3.8-36.7 36.1-17.7 54.6l105.7 103-25 145.5c-4.5 26.3 23.2 46 46.4 33.7L288 439.6l130.7 68.7c23.2 12.2 50.9-7.4 46.4-33.7l-25-145.5 105.7-103c19-18.5 8.5-50.8-17.7-54.6L382 150.2 316.7 17.8c-11.7-23.6-45.6-23.9-57.4 0z&quot;&gt;&lt;\/path&gt;&lt;\/svg&gt;\" ><\/div>\n\n\t\t\t\t\t\t<\/div>\n\t\t\t\t\t\t\t\t<div class=\"elementor-field-type-email elementor-field-group elementor-column elementor-field-group-email elementor-col-100 elementor-field-required elementor-mark-required\">\n\t\t\t\t\t\t\t\t\t\t\t\t\t<input size=\"1\" type=\"email\" name=\"form_fields[email]\" id=\"form-field-email\" class=\"elementor-field elementor-size-md  elementor-field-textual\" placeholder=\"E-mail\" required=\"required\">\n\t\t\t\t\t\t\t\t\t\t\t<\/div>\n\t\t\t\t\t\t\t\t<div class=\"elementor-field-type-password elementor-field-group elementor-column elementor-field-group-password1 elementor-col-100 elementor-field-required elementor-mark-required\">\n\t\t\t\t\t\t\t\t\t\t\t\t\t<input size=\"1\" type=\"password\" name=\"form_fields[password1]\" id=\"form-field-password1\" class=\"elementor-field elementor-size-md  elementor-field-textual\" placeholder=\"Password\" required=\"required\">\n\t\t\t\t\t\t\t\t\t\t\t<\/div>\n\t\t\t\t\t\t\t\t<div class=\"elementor-field-type-password elementor-field-group elementor-column elementor-field-group-password2 elementor-col-100 elementor-field-required elementor-mark-required\">\n\t\t\t\t\t\t\t\t\t\t\t\t\t<input size=\"1\" type=\"password\" name=\"form_fields[password2]\" id=\"form-field-password2\" class=\"elementor-field elementor-size-md  elementor-field-textual\" placeholder=\"Conferma password\" required=\"required\">\n\t\t\t\t\t\t\t\t\t\t\t<\/div>\n\t\t\t\t\t\t\t\t<div class=\"elementor-field-type-acceptance elementor-field-group elementor-column elementor-field-group-privacy elementor-col-100 elementor-field-required elementor-mark-required\">\n\t\t\t\t\t\t\t<div class=\"elementor-field-subgroup\">\n\t\t\t<span class=\"elementor-field-option\">\n\t\t\t\t<input type=\"checkbox\" name=\"form_fields[privacy]\" id=\"form-field-privacy\" class=\"elementor-field elementor-size-md  elementor-acceptance-field\" required=\"required\">\n\t\t\t\t<label for=\"form-field-privacy\">Accettare <a href=\"https:\/\/www.iubenda.com\/privacy-policy\/93053570\">Privacy Policy<\/a> + <a href=\"https:\/\/www.iubenda.com\/terms-and-conditions\/93053570\">Terms & Conditions<\/a><\/label>\t\t\t<\/span>\n\t\t<\/div>\n\t\t\t\t\t\t<\/div>\n\t\t\t\t\t\t\t\t<div class=\"elementor-field-type-step elementor-field-group elementor-column elementor-field-group-CompanyDetails elementor-col-100\">\n\t\t\t\t\t\t\t<div class=\"e-field-step elementor-hidden\" data-label=\"Dettagli della Compagnia\" data-previousButton=\"\" data-nextButton=\"\" data-iconUrl=\"\" data-iconLibrary=\"fas fa-star\" data-icon=\"&lt;svg class=&quot;e-font-icon-svg e-fas-star&quot; viewBox=&quot;0 0 576 512&quot; xmlns=&quot;http:\/\/www.w3.org\/2000\/svg&quot;&gt;&lt;path d=&quot;M259.3 17.8L194 150.2 47.9 171.5c-26.2 3.8-36.7 36.1-17.7 54.6l105.7 103-25 145.5c-4.5 26.3 23.2 46 46.4 33.7L288 439.6l130.7 68.7c23.2 12.2 50.9-7.4 46.4-33.7l-25-145.5 105.7-103c19-18.5 8.5-50.8-17.7-54.6L382 150.2 316.7 17.8c-11.7-23.6-45.6-23.9-57.4 0z&quot;&gt;&lt;\/path&gt;&lt;\/svg&gt;\" ><\/div>\n\n\t\t\t\t\t\t<\/div>\n\t\t\t\t\t\t\t\t<div class=\"elementor-field-type-text elementor-field-group elementor-column elementor-field-group-CompanyName elementor-col-100 elementor-field-required elementor-mark-required\">\n\t\t\t\t\t\t\t\t\t\t\t\t\t<input size=\"1\" type=\"text\" name=\"form_fields[CompanyName]\" id=\"form-field-CompanyName\" class=\"elementor-field elementor-size-md  elementor-field-textual\" placeholder=\"Nome della ditta\" required=\"required\">\n\t\t\t\t\t\t\t\t\t\t\t<\/div>\n\t\t\t\t\t\t\t\t<div class=\"elementor-field-type-text elementor-field-group elementor-column elementor-field-group-Adress elementor-col-75 elementor-field-required elementor-mark-required\">\n\t\t\t\t\t\t\t\t\t\t\t\t\t<input size=\"1\" type=\"text\" name=\"form_fields[Adress]\" id=\"form-field-Adress\" class=\"elementor-field elementor-size-md  elementor-field-textual\" placeholder=\"Indirizzo\" required=\"required\">\n\t\t\t\t\t\t\t\t\t\t\t<\/div>\n\t\t\t\t\t\t\t\t<div class=\"elementor-field-type-text elementor-field-group elementor-column elementor-field-group-number elementor-col-25 elementor-field-required elementor-mark-required\">\n\t\t\t\t\t\t\t\t\t\t\t\t\t<input size=\"1\" type=\"text\" name=\"form_fields[number]\" id=\"form-field-number\" class=\"elementor-field elementor-size-md  elementor-field-textual\" placeholder=\"Numero\" required=\"required\">\n\t\t\t\t\t\t\t\t\t\t\t<\/div>\n\t\t\t\t\t\t\t\t<div class=\"elementor-field-type-text elementor-field-group elementor-column elementor-field-group-City elementor-col-75 elementor-field-required elementor-mark-required\">\n\t\t\t\t\t\t\t\t\t\t\t\t\t<input size=\"1\" type=\"text\" name=\"form_fields[City]\" id=\"form-field-City\" class=\"elementor-field elementor-size-md  elementor-field-textual\" placeholder=\"Citt\u00e0\" required=\"required\">\n\t\t\t\t\t\t\t\t\t\t\t<\/div>\n\t\t\t\t\t\t\t\t<div class=\"elementor-field-type-text elementor-field-group elementor-column elementor-field-group-postcode elementor-col-25 elementor-field-required elementor-mark-required\">\n\t\t\t\t\t\t\t\t\t\t\t\t\t<input size=\"1\" type=\"text\" name=\"form_fields[postcode]\" id=\"form-field-postcode\" class=\"elementor-field elementor-size-md  elementor-field-textual\" placeholder=\"Codice postale\" required=\"required\">\n\t\t\t\t\t\t\t\t\t\t\t<\/div>\n\t\t\t\t\t\t\t\t<div class=\"elementor-field-type-text elementor-field-group elementor-column elementor-field-group-Country elementor-col-100 elementor-field-required elementor-mark-required\">\n\t\t\t\t\t\t\t\t\t\t\t\t\t<input size=\"1\" type=\"text\" name=\"form_fields[Country]\" id=\"form-field-Country\" class=\"elementor-field elementor-size-md  elementor-field-textual\" placeholder=\"Nazione\" required=\"required\">\n\t\t\t\t\t\t\t\t\t\t\t<\/div>\n\t\t\t\t\t\t\t\t<div class=\"elementor-field-type-text elementor-field-group elementor-column elementor-field-group-VATcode elementor-col-100\">\n\t\t\t\t\t\t\t\t\t\t\t\t\t<input size=\"1\" type=\"text\" name=\"form_fields[VATcode]\" id=\"form-field-VATcode\" class=\"elementor-field elementor-size-md  elementor-field-textual\" placeholder=\"Codice Iva\">\n\t\t\t\t\t\t\t\t\t\t\t<\/div>\n\t\t\t\t\t\t\t\t<div class=\"elementor-field-group elementor-column elementor-field-type-submit elementor-col-100 e-form__buttons\">\n\t\t\t\t\t<button class=\"elementor-button elementor-size-sm\" type=\"submit\">\n\t\t\t\t\t\t<span class=\"elementor-button-content-wrapper\">\n\t\t\t\t\t\t\t\t\t\t\t\t\t\t\t<span class=\"elementor-button-icon\">\n\t\t\t\t\t\t\t\t\t<svg xmlns=\"http:\/\/www.w3.org\/2000\/svg\" xmlns:xlink=\"http:\/\/www.w3.org\/1999\/xlink\" id=\"Layer_1\" x=\"0px\" y=\"0px\" viewBox=\"0 0 60 60\" style=\"enable-background:new 0 0 60 60;\" xml:space=\"preserve\"> <style type=\"text\/css\"> .st0{fill-rule:evenodd;clip-rule:evenodd;fill:#57E587;} <\/style> <path class=\"st0\" d=\"M58.3,8.7c1.4,1.4,1.5,3.8,0.1,5.2l-36,36.9c-0.7,0.7-1.7,1.1-2.8,1.1c-1,0-2-0.5-2.7-1.3L1.3,32.2 C0,30.6,0.2,28.3,1.7,27c1.6-1.3,3.9-1.1,5.2,0.4l13,15.3l33.2-34C54.5,7.3,56.9,7.3,58.3,8.7z\"><\/path> <\/svg>\t\t\t\t\t\t\t\t\t\t\t\t\t\t\t\t\t<\/span>\n\t\t\t\t\t\t\t\t\t\t\t\t\t\t\t\t\t\t\t\t\t\t<span class=\"elementor-button-text\">Registrati<\/span>\n\t\t\t\t\t\t\t\t\t\t\t\t\t<\/span>\n\t\t\t\t\t<\/button>\n\t\t\t\t<\/div>\n\t\t\t<\/div>\n\t\t<\/form>\n\t\t\t\t\t\t<\/div>\n\t\t\t\t\t<\/div>\n\t\t<\/div>\n\t\t\t\t\t<\/div>\n\t\t<\/section>\n\t\t\t\t<section class=\"elementor-section elementor-top-section elementor-element elementor-element-f34dc53 elementor-section-boxed elementor-section-height-default elementor-section-height-default\" data-id=\"f34dc53\" data-element_type=\"section\">\n\t\t\t\t\t\t<div class=\"elementor-container elementor-column-gap-default\">\n\t\t\t\t\t<div class=\"elementor-column elementor-col-100 elementor-top-column elementor-element elementor-element-7070a0b\" data-id=\"7070a0b\" data-element_type=\"column\">\n\t\t\t<div class=\"elementor-widget-wrap elementor-element-populated\">\n\t\t\t\t\t\t<div class=\"elementor-element elementor-element-c7c69a8 elementor-widget elementor-widget-spacer\" data-id=\"c7c69a8\" data-element_type=\"widget\" data-widget_type=\"spacer.default\">\n\t\t\t\t\t\t\t<div class=\"elementor-spacer\">\n\t\t\t<div class=\"elementor-spacer-inner\"><\/div>\n\t\t<\/div>\n\t\t\t\t\t\t<\/div>\n\t\t\t\t\t<\/div>\n\t\t<\/div>\n\t\t\t\t\t<\/div>\n\t\t<\/section>\n\t\t\t\t<section class=\"elementor-section elementor-top-section elementor-element elementor-element-e344883 elementor-section-boxed elementor-section-height-default elementor-section-height-default\" data-id=\"e344883\" data-element_type=\"section\">\n\t\t\t\t\t\t<div class=\"elementor-container elementor-column-gap-default\">\n\t\t\t\t\t<div class=\"elementor-column elementor-col-100 elementor-top-column elementor-element elementor-element-a1c07cf\" data-id=\"a1c07cf\" data-element_type=\"column\">\n\t\t\t<div class=\"elementor-widget-wrap elementor-element-populated\">\n\t\t\t\t\t\t<div class=\"elementor-element elementor-element-9b7b47b elementor-widget elementor-widget-heading\" data-id=\"9b7b47b\" data-element_type=\"widget\" data-widget_type=\"heading.default\">\n\t\t\t\t\t<h3 class=\"elementor-heading-title elementor-size-default\">Alternativa innovativa al menu tradizionale.<\/h3>\t\t\t\t<\/div>\n\t\t\t\t<div class=\"elementor-element elementor-element-c6373bf elementor-widget elementor-widget-heading\" data-id=\"c6373bf\" data-element_type=\"widget\" data-widget_type=\"heading.default\">\n\t\t\t\t\t<h2 class=\"elementor-heading-title elementor-size-default\">Lascia che i tuoi clienti decidano!<\/h2>\t\t\t\t<\/div>\n\t\t\t\t\t<\/div>\n\t\t<\/div>\n\t\t\t\t\t<\/div>\n\t\t<\/section>\n\t\t\t\t<section class=\"elementor-section elementor-top-section elementor-element elementor-element-451eeb5 elementor-section-boxed elementor-section-height-default elementor-section-height-default\" data-id=\"451eeb5\" data-element_type=\"section\">\n\t\t\t\t\t\t<div class=\"elementor-container elementor-column-gap-default\">\n\t\t\t\t\t<div class=\"elementor-column elementor-col-100 elementor-top-column elementor-element elementor-element-b37d6b1\" data-id=\"b37d6b1\" data-element_type=\"column\">\n\t\t\t<div class=\"elementor-widget-wrap elementor-element-populated\">\n\t\t\t\t\t\t<div class=\"elementor-element elementor-element-d96db85 elementor-widget elementor-widget-image\" data-id=\"d96db85\" data-element_type=\"widget\" data-widget_type=\"image.default\">\n\t\t\t\t\t\t\t\t\t\t\t\t\t\t\t<img fetchpriority=\"high\" decoding=\"async\" width=\"800\" height=\"419\" src=\"https:\/\/www.ord2eat.com\/wp-content\/uploads\/2020\/09\/Comparation3-1024x536.png\" class=\"attachment-large size-large wp-image-3283\" alt=\"digital menu ord2eat\" srcset=\"https:\/\/www.ord2eat.com\/wp-content\/uploads\/2020\/09\/Comparation3-1024x536.png 1024w, https:\/\/www.ord2eat.com\/wp-content\/uploads\/2020\/09\/Comparation3-1000x523.png 1000w, https:\/\/www.ord2eat.com\/wp-content\/uploads\/2020\/09\/Comparation3-300x157.png 300w, https:\/\/www.ord2eat.com\/wp-content\/uploads\/2020\/09\/Comparation3-768x402.png 768w, https:\/\/www.ord2eat.com\/wp-content\/uploads\/2020\/09\/Comparation3.png 1200w\" sizes=\"(max-width: 800px) 100vw, 800px\" \/>\t\t\t\t\t\t\t\t\t\t\t\t\t\t\t<\/div>\n\t\t\t\t\t<\/div>\n\t\t<\/div>\n\t\t\t\t\t<\/div>\n\t\t<\/section>\n\t\t\t\t<section class=\"elementor-section elementor-top-section elementor-element elementor-element-58142f9 elementor-section-boxed elementor-section-height-default elementor-section-height-default\" data-id=\"58142f9\" data-element_type=\"section\">\n\t\t\t\t\t\t<div class=\"elementor-container elementor-column-gap-default\">\n\t\t\t\t\t<div class=\"elementor-column elementor-col-100 elementor-top-column elementor-element elementor-element-781f9ee\" data-id=\"781f9ee\" data-element_type=\"column\">\n\t\t\t<div class=\"elementor-widget-wrap\">\n\t\t\t\t\t\t\t<\/div>\n\t\t<\/div>\n\t\t\t\t\t<\/div>\n\t\t<\/section>\n\t\t\t\t<section class=\"elementor-section elementor-top-section elementor-element elementor-element-2c41a61 elementor-section-boxed elementor-section-height-default elementor-section-height-default\" data-id=\"2c41a61\" data-element_type=\"section\">\n\t\t\t\t\t\t<div class=\"elementor-container elementor-column-gap-default\">\n\t\t\t\t\t<div class=\"elementor-column elementor-col-100 elementor-top-column elementor-element elementor-element-1b12e09\" data-id=\"1b12e09\" data-element_type=\"column\">\n\t\t\t<div class=\"elementor-widget-wrap elementor-element-populated\">\n\t\t\t\t\t\t<div class=\"elementor-element elementor-element-18e3fe5 elementor-widget elementor-widget-spacer\" data-id=\"18e3fe5\" data-element_type=\"widget\" data-widget_type=\"spacer.default\">\n\t\t\t\t\t\t\t<div class=\"elementor-spacer\">\n\t\t\t<div class=\"elementor-spacer-inner\"><\/div>\n\t\t<\/div>\n\t\t\t\t\t\t<\/div>\n\t\t\t\t\t<\/div>\n\t\t<\/div>\n\t\t\t\t\t<\/div>\n\t\t<\/section>\n\t\t\t\t<\/div>\n\t\t","protected":false},"excerpt":{"rendered":"<p>Trasforma il tuo men\u00f9 con ord2eat in un elegante men\u00f9 digitale. Iscrizione gratuita Provalo gratis per 15 giorni da oggi! Non \u00e8 richiesta la carta di credito Alternativa innovativa al menu tradizionale. Lascia che i tuoi clienti decidano!<\/p>\n","protected":false},"author":2,"featured_media":0,"parent":0,"menu_order":0,"comment_status":"closed","ping_status":"closed","template":"","meta":{"footnotes":""},"class_list":["post-3227","page","type-page","status-publish","hentry"],"yoast_head":"<!-- This site is optimized with the Yoast SEO plugin v24.5 - https:\/\/yoast.com\/wordpress\/plugins\/seo\/ -->\n<title>Gratis 15 giorni - ord2eat<\/title>\n<meta name=\"robots\" content=\"index, follow, max-snippet:-1, max-image-preview:large, max-video-preview:-1\" \/>\n<link rel=\"canonical\" href=\"https:\/\/www.ord2eat.com\/free-15-day\/\" \/>\n<meta property=\"og:locale\" content=\"it_IT\" \/>\n<meta property=\"og:type\" content=\"article\" \/>\n<meta property=\"og:title\" content=\"Gratis 15 giorni - ord2eat\" \/>\n<meta property=\"og:description\" content=\"Trasforma il tuo men\u00f9 con ord2eat in un elegante men\u00f9 digitale. Iscrizione gratuita Provalo gratis per 15 giorni da oggi! Non \u00e8 richiesta la carta di credito Alternativa innovativa al menu tradizionale. Lascia che i tuoi clienti decidano!\" \/>\n<meta property=\"og:url\" content=\"https:\/\/www.ord2eat.com\/free-15-day\/\" \/>\n<meta property=\"og:site_name\" content=\"ord2eat\" \/>\n<meta property=\"article:publisher\" content=\"https:\/\/www.facebook.com\/ord2eat\" \/>\n<meta property=\"article:modified_time\" content=\"2022-06-24T08:14:33+00:00\" \/>\n<meta property=\"og:image\" content=\"https:\/\/www.ord2eat.com\/wp-content\/uploads\/2020\/09\/Comparation3-1024x536.png\" \/>\n<meta name=\"twitter:card\" content=\"summary_large_image\" \/>\n<meta name=\"twitter:label1\" content=\"Tempo di lettura stimato\" \/>\n\t<meta name=\"twitter:data1\" content=\"1 minuto\" \/>\n<script type=\"application\/ld+json\" class=\"yoast-schema-graph\">{\"@context\":\"https:\/\/schema.org\",\"@graph\":[{\"@type\":\"WebPage\",\"@id\":\"https:\/\/www.ord2eat.com\/free-15-day\/\",\"url\":\"https:\/\/www.ord2eat.com\/free-15-day\/\",\"name\":\"Gratis 15 giorni - ord2eat\",\"isPartOf\":{\"@id\":\"https:\/\/www.ord2eat.com\/#website\"},\"primaryImageOfPage\":{\"@id\":\"https:\/\/www.ord2eat.com\/free-15-day\/#primaryimage\"},\"image\":{\"@id\":\"https:\/\/www.ord2eat.com\/free-15-day\/#primaryimage\"},\"thumbnailUrl\":\"https:\/\/www.ord2eat.com\/wp-content\/uploads\/2020\/09\/Comparation3-1024x536.png\",\"datePublished\":\"2020-08-28T14:08:36+00:00\",\"dateModified\":\"2022-06-24T08:14:33+00:00\",\"breadcrumb\":{\"@id\":\"https:\/\/www.ord2eat.com\/free-15-day\/#breadcrumb\"},\"inLanguage\":\"it-IT\",\"potentialAction\":[{\"@type\":\"ReadAction\",\"target\":[\"https:\/\/www.ord2eat.com\/free-15-day\/\"]}]},{\"@type\":\"ImageObject\",\"inLanguage\":\"it-IT\",\"@id\":\"https:\/\/www.ord2eat.com\/free-15-day\/#primaryimage\",\"url\":\"https:\/\/www.ord2eat.com\/wp-content\/uploads\/2020\/09\/Comparation3-1024x536.png\",\"contentUrl\":\"https:\/\/www.ord2eat.com\/wp-content\/uploads\/2020\/09\/Comparation3-1024x536.png\"},{\"@type\":\"BreadcrumbList\",\"@id\":\"https:\/\/www.ord2eat.com\/free-15-day\/#breadcrumb\",\"itemListElement\":[{\"@type\":\"ListItem\",\"position\":1,\"name\":\"Home\",\"item\":\"https:\/\/www.ord2eat.com\/it\/\"},{\"@type\":\"ListItem\",\"position\":2,\"name\":\"Gratis 15 giorni\"}]},{\"@type\":\"WebSite\",\"@id\":\"https:\/\/www.ord2eat.com\/#website\",\"url\":\"https:\/\/www.ord2eat.com\/\",\"name\":\"ord2eat\",\"description\":\"The simpler the better\",\"potentialAction\":[{\"@type\":\"SearchAction\",\"target\":{\"@type\":\"EntryPoint\",\"urlTemplate\":\"https:\/\/www.ord2eat.com\/?s={search_term_string}\"},\"query-input\":{\"@type\":\"PropertyValueSpecification\",\"valueRequired\":true,\"valueName\":\"search_term_string\"}}],\"inLanguage\":\"it-IT\"}]}<\/script>\n<!-- \/ Yoast SEO plugin. -->","yoast_head_json":{"title":"Gratis 15 giorni - ord2eat","robots":{"index":"index","follow":"follow","max-snippet":"max-snippet:-1","max-image-preview":"max-image-preview:large","max-video-preview":"max-video-preview:-1"},"canonical":"https:\/\/www.ord2eat.com\/free-15-day\/","og_locale":"it_IT","og_type":"article","og_title":"Gratis 15 giorni - ord2eat","og_description":"Trasforma il tuo men\u00f9 con ord2eat in un elegante men\u00f9 digitale. Iscrizione gratuita Provalo gratis per 15 giorni da oggi! Non \u00e8 richiesta la carta di credito Alternativa innovativa al menu tradizionale. Lascia che i tuoi clienti decidano!","og_url":"https:\/\/www.ord2eat.com\/free-15-day\/","og_site_name":"ord2eat","article_publisher":"https:\/\/www.facebook.com\/ord2eat","article_modified_time":"2022-06-24T08:14:33+00:00","og_image":[{"url":"https:\/\/www.ord2eat.com\/wp-content\/uploads\/2020\/09\/Comparation3-1024x536.png","type":"","width":"","height":""}],"twitter_card":"summary_large_image","twitter_misc":{"Tempo di lettura stimato":"1 minuto"},"schema":{"@context":"https:\/\/schema.org","@graph":[{"@type":"WebPage","@id":"https:\/\/www.ord2eat.com\/free-15-day\/","url":"https:\/\/www.ord2eat.com\/free-15-day\/","name":"Gratis 15 giorni - ord2eat","isPartOf":{"@id":"https:\/\/www.ord2eat.com\/#website"},"primaryImageOfPage":{"@id":"https:\/\/www.ord2eat.com\/free-15-day\/#primaryimage"},"image":{"@id":"https:\/\/www.ord2eat.com\/free-15-day\/#primaryimage"},"thumbnailUrl":"https:\/\/www.ord2eat.com\/wp-content\/uploads\/2020\/09\/Comparation3-1024x536.png","datePublished":"2020-08-28T14:08:36+00:00","dateModified":"2022-06-24T08:14:33+00:00","breadcrumb":{"@id":"https:\/\/www.ord2eat.com\/free-15-day\/#breadcrumb"},"inLanguage":"it-IT","potentialAction":[{"@type":"ReadAction","target":["https:\/\/www.ord2eat.com\/free-15-day\/"]}]},{"@type":"ImageObject","inLanguage":"it-IT","@id":"https:\/\/www.ord2eat.com\/free-15-day\/#primaryimage","url":"https:\/\/www.ord2eat.com\/wp-content\/uploads\/2020\/09\/Comparation3-1024x536.png","contentUrl":"https:\/\/www.ord2eat.com\/wp-content\/uploads\/2020\/09\/Comparation3-1024x536.png"},{"@type":"BreadcrumbList","@id":"https:\/\/www.ord2eat.com\/free-15-day\/#breadcrumb","itemListElement":[{"@type":"ListItem","position":1,"name":"Home","item":"https:\/\/www.ord2eat.com\/it\/"},{"@type":"ListItem","position":2,"name":"Gratis 15 giorni"}]},{"@type":"WebSite","@id":"https:\/\/www.ord2eat.com\/#website","url":"https:\/\/www.ord2eat.com\/","name":"ord2eat","description":"The simpler the better","potentialAction":[{"@type":"SearchAction","target":{"@type":"EntryPoint","urlTemplate":"https:\/\/www.ord2eat.com\/?s={search_term_string}"},"query-input":{"@type":"PropertyValueSpecification","valueRequired":true,"valueName":"search_term_string"}}],"inLanguage":"it-IT"}]}},"_links":{"self":[{"href":"https:\/\/www.ord2eat.com\/it\/wp-json\/wp\/v2\/pages\/3227","targetHints":{"allow":["GET"]}}],"collection":[{"href":"https:\/\/www.ord2eat.com\/it\/wp-json\/wp\/v2\/pages"}],"about":[{"href":"https:\/\/www.ord2eat.com\/it\/wp-json\/wp\/v2\/types\/page"}],"author":[{"embeddable":true,"href":"https:\/\/www.ord2eat.com\/it\/wp-json\/wp\/v2\/users\/2"}],"replies":[{"embeddable":true,"href":"https:\/\/www.ord2eat.com\/it\/wp-json\/wp\/v2\/comments?post=3227"}],"version-history":[{"count":11,"href":"https:\/\/www.ord2eat.com\/it\/wp-json\/wp\/v2\/pages\/3227\/revisions"}],"predecessor-version":[{"id":5680,"href":"https:\/\/www.ord2eat.com\/it\/wp-json\/wp\/v2\/pages\/3227\/revisions\/5680"}],"wp:attachment":[{"href":"https:\/\/www.ord2eat.com\/it\/wp-json\/wp\/v2\/media?parent=3227"}],"curies":[{"name":"wp","href":"https:\/\/api.w.org\/{rel}","templated":true}]}}